{"id":14013,"date":"2024-02-12T02:11:22","date_gmt":"2024-02-12T02:11:22","guid":{"rendered":"https:\/\/krasivabanjaluka.com\/?page_id=14013"},"modified":"2024-02-25T18:18:58","modified_gmt":"2024-02-25T18:18:58","slug":"anti-rozacea-terapija","status":"publish","type":"page","link":"https:\/\/krasivabanjaluka.com\/index.php\/anti-rozacea-terapija\/","title":{"rendered":"Anti-Rozacea terapija\u00a0"},"content":{"rendered":"<div id=\"cmsmasters_row_\" class=\"cmsmasters_row cmsmasters_color_scheme_default cmsmasters_row_top_default cmsmasters_row_bot_default cmsmasters_row_boxed\">\n<div class=\"cmsmasters_row_outer_parent\">\n<div class=\"cmsmasters_row_outer\">\n<div class=\"cmsmasters_row_inner\">\n<div class=\"cmsmasters_row_margin\">\n<div id=\"cmsmasters_column_\" class=\"cmsmasters_column one_first\">\n<div class=\"cmsmasters_column_inner\"><div id=\"cmsmasters_heading_g5leuez6u\" class=\"cmsmasters_heading_wrap cmsmasters_heading_align_left\">\n\t<h1 class=\"cmsmasters_heading\">Anti-Rozacea terapija<\/h1>\n<\/div><div class=\"cmsmasters_text\">\n<p>Dobrodo\u0161li u na\u0161u efikasnu terapiju koja \u0107e transformisati va\u0161u ko\u017eu &#8211; Anti-Rozacea program. Ova terapija nije samo namijenjena lije\u010denju akni u svim stadijumima razvoja, ve\u0107 i specifi\u010dno cilja na uklanjanje problema rozacee.<\/p>\n<\/p>\n<h2 class=\"wp-block-heading\">Inovativna rje\u0161enja za zdravu ko\u017eu:<\/h2>\n<p>U Anti-Rozacea programu koristimo visokoefikasne preparate nove generacije. Klju\u010dni sastojci poput azeloglicina, benzoil peroksida, glicerizinske kiseline, bio-sumpora i kalamina \u010dine osnovu kozmoceuti\u010dkih preparata.<\/p>\n<\/p>\n<h2 class=\"wp-block-heading\">\u0160irok spektar aktivnih sastojaka:<\/h2>\n<p>Osim inovativnih sastojaka, program obuhvata klasi\u010dne protivupalne, angiostati\u010dke, sedativne, vla\u017ee\u0107e i vitaminsko-mineralne fitokomponente. Ova kombinacija pru\u017ea maksimalnu efikasnost, bez alkohola i iritacija.<\/p>\n<\/p>\n<h2 class=\"wp-block-heading\">Rezultati koji govore:<\/h2>\n<p>Anti-Rozacea terapija lokalizuje upalne reakcije, smanjuje folikularnu hiperkeratozu, posjeduje antibakterijsko dejstvo, normalizuje rad lojnih \u017elezda, resorbuje infiltrante, obezbje\u0111uje dubinsko \u010di\u0161\u0107enje pora, stimuli\u0161e regeneraciju tkiva i izravnava reljef ko\u017ee.<\/p>\n<\/p>\n<h2 class=\"wp-block-heading\">Specifi\u010dna njega za Rozaceu:<\/h2>\n<p>Za lije\u010denje rozacee, program tako\u0111e lokalizuje upalne reakcije, odstranjuje za\u010depljenja u kapilarnom sistemu, spre\u010dava razvoj komplikacija, normalizuje rad lojnih \u017elezda, stimuli\u0161e regeneraciju tkiva, aktivizira lokalnu mikrocirkulaciju, oja\u010dava zidove krvnih sudova i smanjuje pojavu kuperoze.<\/p>\n<\/p>\n<h2 class=\"wp-block-heading\">Sigurnost i komfor tokom cijele godine:<\/h2>\n<p>Ovaj program se mo\u017ee primenjivati tokom cijele godine. Ne samo da pru\u017ea klini\u010dki dokazane rezultate, ve\u0107 i obezbje\u0111uje visoki nivo bioraspolo\u017eivosti aktivnih sastojaka bez alkohola i iritantnih komponenata.<\/p>\n<\/p>\n<p>Transformi\u0161ite svoju ko\u017eu uz Anti-Rozacea terapiju &#8211; prilago\u0111eno rje\u0161enje za sve izazove va\u0161e ko\u017ee. Zaka\u017eite svoj tretman i o\u010dekujte rezultate!<\/p>\n<\/p>\n<\/div>\n<\/div><\/div>\n<div id=\"cmsmasters_column_6plohm2ip8\" class=\"cmsmasters_column one_first\">\n<div class=\"cmsmasters_column_inner\"><\/div><\/div>\n<\/div>\n<\/div>\n<\/div>\n<\/div>\n<\/div>\n","protected":false},"excerpt":{"rendered":"","protected":false},"author":1,"featured_media":0,"parent":0,"menu_order":0,"comment_status":"closed","ping_status":"closed","template":"","meta":{"footnotes":""},"_links":{"self":[{"href":"https:\/\/krasivabanjaluka.com\/index.php\/wp-json\/wp\/v2\/pages\/14013"}],"collection":[{"href":"https:\/\/krasivabanjaluka.com\/index.php\/wp-json\/wp\/v2\/pages"}],"about":[{"href":"https:\/\/krasivabanjaluka.com\/index.php\/wp-json\/wp\/v2\/types\/page"}],"author":[{"embeddable":true,"href":"https:\/\/krasivabanjaluka.com\/index.php\/wp-json\/wp\/v2\/users\/1"}],"replies":[{"embeddable":true,"href":"https:\/\/krasivabanjaluka.com\/index.php\/wp-json\/wp\/v2\/comments?post=14013"}],"version-history":[{"count":4,"href":"https:\/\/krasivabanjaluka.com\/index.php\/wp-json\/wp\/v2\/pages\/14013\/revisions"}],"predecessor-version":[{"id":14120,"href":"https:\/\/krasivabanjaluka.com\/index.php\/wp-json\/wp\/v2\/pages\/14013\/revisions\/14120"}],"wp:attachment":[{"href":"https:\/\/krasivabanjaluka.com\/index.php\/wp-json\/wp\/v2\/media?parent=14013"}],"curies":[{"name":"wp","href":"https:\/\/api.w.org\/{rel}","templated":true}]}}