{"id":14011,"date":"2024-02-12T02:09:30","date_gmt":"2024-02-12T02:09:30","guid":{"rendered":"https:\/\/krasivabanjaluka.com\/?page_id=14011"},"modified":"2024-02-25T18:21:28","modified_gmt":"2024-02-25T18:21:28","slug":"terapija-sa-biljnim-maticnim-celijama-rejuvox","status":"publish","type":"page","link":"https:\/\/krasivabanjaluka.com\/index.php\/terapija-sa-biljnim-maticnim-celijama-rejuvox\/","title":{"rendered":"Terapija sa biljnim mati\u010dnim \u0107elijama &#8211; Rejuvox"},"content":{"rendered":"<div id=\"cmsmasters_row_\" class=\"cmsmasters_row cmsmasters_color_scheme_default cmsmasters_row_top_default cmsmasters_row_bot_default cmsmasters_row_boxed\">\n<div class=\"cmsmasters_row_outer_parent\">\n<div class=\"cmsmasters_row_outer\">\n<div class=\"cmsmasters_row_inner\">\n<div class=\"cmsmasters_row_margin\">\n<div id=\"cmsmasters_column_\" class=\"cmsmasters_column one_first\">\n<div class=\"cmsmasters_column_inner\"><div id=\"cmsmasters_heading_fch30xx27\" class=\"cmsmasters_heading_wrap cmsmasters_heading_align_left\">\n\t<h1 class=\"cmsmasters_heading\">Terapija sa bio zlatom &#8211; Sjaj zlata za podmla\u0111ivanje<\/h1>\n<\/div><div class=\"cmsmasters_text\">\n<p>Dobrodo\u0161li u svijet Rejuvox tretmana &#8211; revolucionarnog koraka ka podmla\u0111ivanju ko\u017ee! Otkrijte kako biljne mati\u010dne \u0107elije, najnovija tehnologija i prirodni aktivni sastojci zajedno stvaraju formulu budu\u0107nosti u anti-aging tretmanima.<\/p>\n<\/p>\n<h2 class=\"wp-block-heading\">Starenje ko\u017ee i \u010duda mati\u010dnih \u0107elija:<\/h2>\n<p>S godinama, na\u0161e mati\u010dne \u0107elije gube snagu, \u0161to dovodi do prvih znakova starenja &#8211; bora, promjena boje i teksture ko\u017ee. Rejuvox tretman mati\u010dnim \u0107elijama djeluje direktno na ove<\/p>\n<\/p>\n<p>znakove, revitaliziraju\u0107i ko\u017eu iznutra prema van.<\/p>\n<\/p>\n<h2 class=\"wp-block-heading\">Biljne mati\u010dne \u0107elije u akciji:<\/h2>\n<p>Uzimanjem najnovije tehnologije i pakovanjem biljnih mati\u010dnih \u0107elija u liposomske mjehuri\u0107e, Rejuvox tretman omogu\u0107ava duboko prodiranje kroz ko\u017eu. Ova tehnologija stimuli\u0161e aktivnost stem \u0107elija ko\u017ee, smanjuju\u0107i bore, hiperpigmentaciju i vra\u0107aju\u0107i mladolik izgled.<\/p>\n<\/p>\n<h2 class=\"wp-block-heading\">Tretman koji prepoznaje Va\u0161u Ko\u017eu:<\/h2>\n<p>Rejuvox je prilago\u0111en razli\u010ditim tipovima ko\u017ee. Bez obzira jeste li u potrazi za prevencijom bora ili smanjenjem ve\u0107 formiranih linija, ovaj tretman obe\u0107ava pravilnu njegu za sve.<\/p>\n<\/p>\n<h2 class=\"wp-block-heading\">Pogled u budu\u0107nost njege ko\u017ee:<\/h2>\n<p>Ovaj tretman predstavlja budu\u0107nost anti-aginga. Kombinacija visoko napredne tehnologije i prirodnih sastojaka donosi jedinstvenu formulu koja garantuje dubinsku i intenzivnu regeneraciju, vra\u0107aju\u0107i va\u0161oj ko\u017ei mladost i vitalnost.<\/p>\n<\/p>\n<p><strong>Rejuvox benefiti za Vas:<\/strong><\/p>\n<ul>\n<li>Prevencija stvaranja bora i nepravilnosti na ko\u017ei.<\/li>\n<li>Smanjenje dubine ve\u0107 formiranih bora.<\/li>\n<li>Popravak o\u0161te\u0107enja na svim nivoima \u0107elija ko\u017ee.<\/li>\n<li>Otklanjanje vidljivih znakova starenja.<\/li>\n<\/ul>\n<ul>\n<li style=\"list-style-type: none;\">\n<ul><\/ul>\n<\/li>\n<\/ul>\n<ul>\n<li style=\"list-style-type: none;\">\u00a0<\/li>\n<\/ul>\n<p>Odlu\u010dite se za Rejuvox i do\u017eivite tretman mati\u010dnim \u0107elijama koji ne samo da obe\u0107ava, ve\u0107 i isporu\u010duje rezultate. Zaka\u017eite svoj tretman i do\u017eivite transformaciju koja \u0107e odu\u0161eviti va\u0161u ko\u017eu.<\/p>\n<\/p>\n<\/div>\n<\/div><\/div>\n<\/div>\n<\/div>\n<\/div>\n<\/div>\n<\/div>\n","protected":false},"excerpt":{"rendered":"","protected":false},"author":1,"featured_media":0,"parent":0,"menu_order":0,"comment_status":"closed","ping_status":"closed","template":"","meta":{"footnotes":""},"_links":{"self":[{"href":"https:\/\/krasivabanjaluka.com\/index.php\/wp-json\/wp\/v2\/pages\/14011"}],"collection":[{"href":"https:\/\/krasivabanjaluka.com\/index.php\/wp-json\/wp\/v2\/pages"}],"about":[{"href":"https:\/\/krasivabanjaluka.com\/index.php\/wp-json\/wp\/v2\/types\/page"}],"author":[{"embeddable":true,"href":"https:\/\/krasivabanjaluka.com\/index.php\/wp-json\/wp\/v2\/users\/1"}],"replies":[{"embeddable":true,"href":"https:\/\/krasivabanjaluka.com\/index.php\/wp-json\/wp\/v2\/comments?post=14011"}],"version-history":[{"count":4,"href":"https:\/\/krasivabanjaluka.com\/index.php\/wp-json\/wp\/v2\/pages\/14011\/revisions"}],"predecessor-version":[{"id":14250,"href":"https:\/\/krasivabanjaluka.com\/index.php\/wp-json\/wp\/v2\/pages\/14011\/revisions\/14250"}],"wp:attachment":[{"href":"https:\/\/krasivabanjaluka.com\/index.php\/wp-json\/wp\/v2\/media?parent=14011"}],"curies":[{"name":"wp","href":"https:\/\/api.w.org\/{rel}","templated":true}]}}