{"id":14007,"date":"2024-02-12T02:06:54","date_gmt":"2024-02-12T02:06:54","guid":{"rendered":"https:\/\/krasivabanjaluka.com\/?page_id=14007"},"modified":"2024-02-25T18:19:20","modified_gmt":"2024-02-25T18:19:20","slug":"depigmentirajuci-mesopeel-piling","status":"publish","type":"page","link":"https:\/\/krasivabanjaluka.com\/index.php\/depigmentirajuci-mesopeel-piling\/","title":{"rendered":"Depigmentiraju\u0107i mesopeel piling"},"content":{"rendered":"<div id=\"cmsmasters_row_\" class=\"cmsmasters_row cmsmasters_color_scheme_default cmsmasters_row_top_default cmsmasters_row_bot_default cmsmasters_row_boxed\">\n<div class=\"cmsmasters_row_outer_parent\">\n<div class=\"cmsmasters_row_outer\">\n<div class=\"cmsmasters_row_inner\">\n<div class=\"cmsmasters_row_margin\">\n<div id=\"cmsmasters_column_\" class=\"cmsmasters_column one_first\">\n<div class=\"cmsmasters_column_inner\"><div id=\"cmsmasters_heading_psp5sp9rp\" class=\"cmsmasters_heading_wrap cmsmasters_heading_align_left\">\n\t<h1 class=\"cmsmasters_heading\">Depigmentiraju\u0107i mesopeel piling<\/h1>\n<\/div><div class=\"cmsmasters_text\">\n<h2 class=\"wp-block-heading\">Depigmentiraju\u0107i Piling: Za sjaj koji primje\u0107ujete<\/h2>\n<p>Dopustite nam predstaviti tajnu za besprijekoran ten &#8211; na\u0161 Troslojni Serum za Depigmentaciju. Ovaj piling ne samo da osvje\u017eava ko\u017eu, ve\u0107 je i rezultat kada prakti\u010dnost susre\u0107e luksuz.<\/p>\n<\/p>\n<h2 class=\"wp-block-heading\">Duboko i brzo izbjeljivanje:<\/h2>\n<p>Odmorite se od povr\u0161inskih tretmana. Na\u0161 troslojni piling prodire do sr\u017ei, pru\u017eaju\u0107i brzo, trajno i sigurno izbjeljivanje na \u0107elijskom nivou. Jednostavno re\u010deno, razliku \u0107ete vidjeti odmah.<\/p>\n<\/p>\n<p><strong>Istovremeno uklanja flekice, hiperpigmentaciju i boje:\u00a0<\/strong><\/p>\n<\/p>\n<p>Zaboravite na sive nijanse, hiperpigmentaciju, flekice od sunca, pjegice i neujedna\u010denosti. Ovaj piling ne samo da posvijetljava va\u0161u ko\u017eu, ve\u0107 i reguli\u0161e procese koji mogu uzrokovati tamnjenje. Bez nepotrebnih komplikacija &#8211; uklonite boje i vratite sjaj va\u0161oj ko\u017ei.<\/p>\n<\/p>\n<p><strong>Najbolji jer \u010dini razliku:\u00a0<\/strong><\/p>\n<\/p>\n<p>Nije dovoljno pratiti trendove. Na\u0161 depigmentiraju\u0107i piling postavlja nove standarde. Smanjenje nivoa proteina odgovornih za pigmentaciju donosi dugotrajan efekt bez muke. Ovo nije proizvod koji se gubi u moru opcija &#8211; ovo je onaj koji stvara razliku.<\/p>\n<\/p>\n<p><strong>\u0160ta o\u010dekivati:\u00a0<\/strong><\/p>\n<\/p>\n<p>Vidljivo izbijeljenje: Ko\u017ea koja blista i nijanse tena se izjedna\u010davaju, hiperpigmentacija nestaje.<\/p>\n<\/p>\n<p>Podmla\u0111ivanje tena: Sintetizuje kolagen i elastin za mladala\u010dki izgled.<\/p>\n<\/p>\n<p>Samopouzdanje u Svakom Koraku: Osvje\u017eite svoju ko\u017eu i osjetite razliku.Do\u017eivite Osvje\u017eenje:<\/p>\n<\/p>\n<p>Zaka\u017eite svoj tretman i do\u017eivite sjaj koji \u0107e svi primijetiti.<\/p>\n<\/p>\n<\/div>\n<\/div><\/div>\n<\/div>\n<\/div>\n<\/div>\n<\/div>\n<\/div>\n","protected":false},"excerpt":{"rendered":"","protected":false},"author":1,"featured_media":0,"parent":0,"menu_order":0,"comment_status":"closed","ping_status":"closed","template":"","meta":{"footnotes":""},"_links":{"self":[{"href":"https:\/\/krasivabanjaluka.com\/index.php\/wp-json\/wp\/v2\/pages\/14007"}],"collection":[{"href":"https:\/\/krasivabanjaluka.com\/index.php\/wp-json\/wp\/v2\/pages"}],"about":[{"href":"https:\/\/krasivabanjaluka.com\/index.php\/wp-json\/wp\/v2\/types\/page"}],"author":[{"embeddable":true,"href":"https:\/\/krasivabanjaluka.com\/index.php\/wp-json\/wp\/v2\/users\/1"}],"replies":[{"embeddable":true,"href":"https:\/\/krasivabanjaluka.com\/index.php\/wp-json\/wp\/v2\/comments?post=14007"}],"version-history":[{"count":4,"href":"https:\/\/krasivabanjaluka.com\/index.php\/wp-json\/wp\/v2\/pages\/14007\/revisions"}],"predecessor-version":[{"id":14118,"href":"https:\/\/krasivabanjaluka.com\/index.php\/wp-json\/wp\/v2\/pages\/14007\/revisions\/14118"}],"wp:attachment":[{"href":"https:\/\/krasivabanjaluka.com\/index.php\/wp-json\/wp\/v2\/media?parent=14007"}],"curies":[{"name":"wp","href":"https:\/\/api.w.org\/{rel}","templated":true}]}}