{"id":14005,"date":"2024-02-12T02:06:02","date_gmt":"2024-02-12T02:06:02","guid":{"rendered":"https:\/\/krasivabanjaluka.com\/?page_id=14005"},"modified":"2024-02-25T18:15:58","modified_gmt":"2024-02-25T18:15:58","slug":"fotopiling","status":"publish","type":"page","link":"https:\/\/krasivabanjaluka.com\/index.php\/fotopiling\/","title":{"rendered":"Fitopiling"},"content":{"rendered":"<div id=\"cmsmasters_row_\" class=\"cmsmasters_row cmsmasters_color_scheme_default cmsmasters_row_top_default cmsmasters_row_bot_default cmsmasters_row_boxed\">\n<div class=\"cmsmasters_row_outer_parent\">\n<div class=\"cmsmasters_row_outer\">\n<div class=\"cmsmasters_row_inner\">\n<div class=\"cmsmasters_row_margin\">\n<div id=\"cmsmasters_column_\" class=\"cmsmasters_column one_first\">\n<div class=\"cmsmasters_column_inner\"><div id=\"cmsmasters_heading_n18hm3khv\" class=\"cmsmasters_heading_wrap cmsmasters_heading_align_left\">\n\t<h1 class=\"cmsmasters_heading\">Fitopiling<\/h1>\n<\/div><div class=\"cmsmasters_text\">\n<h2 class=\"wp-block-heading\">FITOPILING: Dubinska obnova za savr\u0161enu ko\u017eu<\/h2>\n<p>Dobrodo\u0161li u svijet Fitopilinga &#8211; revolucionarnog tretmana koji obe\u0107ava dubinsku obnovu i transformaciju va\u0161e ko\u017ee. Ovaj program dubokog perutanja ko\u017ee je klju\u010d za postizanje besprijekorne teksture, smanjenje o\u017eiljaka od akni, su\u017eavanje pro\u0161irenih pora i vra\u0107anje mladolikog sjaja.<\/p>\n<\/p>\n<p>Indikacije za Fitopiling:<\/p>\n<\/p>\n<p><strong><em>O\u017eiljci poslije akni: <\/em><\/strong>Fitopiling cilja na o\u017eiljke, ostavljene za sobom od akni, pru\u017eaju\u0107i ko\u017ei \u0161ansu za potpunu obnovu.<\/p>\n<\/p>\n<p><strong><em>Hiperkeratoza i pro\u0161irene pore: <\/em><\/strong>Smanjite hiperkeratozu i su\u017eite pore uz pomo\u0107 Fitopilinga, pru\u017eaju\u0107i ko\u017ei glatku i ujedna\u010denu teksturu.<\/p>\n<\/p>\n<p><strong><em>Dishromija sa hiperkeratozom: <\/em><\/strong>Borba protiv dishromije postaje efikasnija uz dubinsku regeneraciju ko\u017ee koju pru\u017ea Fitopiling.<\/p>\n<\/p>\n<p><strong><em>Podmla\u0111ivanje Ko\u017ee: <\/em><\/strong>Fitopiling nije samo tretman, ve\u0107 put ka osvje\u017eenoj i podmla\u0111enoj ko\u017ei. Ciljevi Fitopiling Programa:<\/p>\n<\/p>\n<p><strong><em>Obnavljanje keratinskog sloja epiderma: <\/em><\/strong>Fitopiling cilja na obnavljanje povr\u0161inskog sloja ko\u017ee, pru\u017eaju\u0107i joj novu vitalnost i sjaj.<\/p>\n<\/p>\n<p><strong><em>Revitalizacija i aktivacija fiziolo\u0161kih procesa u dermu<\/em><\/strong><em>: <\/em>Duboko prodiranje fitoekstrakata pokre\u0107e revitalizaciju ko\u017ee iznutra, aktiviraju\u0107i njen prirodni proces obnavljanja.<\/p>\n<\/p>\n<p><strong><em>Aktivacija sineteze kolagena i elastina: <\/em><\/strong>Fitopiling podsti\u010de proizvodnju kolagena i elastina, klju\u010dnih sastojaka za \u010dvrsto\u0107u i elasti\u010dnost ko\u017ee.<\/p>\n<\/p>\n<p><strong><em>Izravnavanje reljefa ko\u017ee: <\/em><\/strong>Nepravilnosti i neravnine postaju pro\u0161lost, dok Fitopiling kreira glatku povr\u0161inu koja odi\u0161e svje\u017einom.<\/p>\n<\/p>\n<h2 class=\"wp-block-heading\">Prednosti i Benefiti Fitopilinga:<\/h2>\n<p>Smanjenje O\u017eiljaka: Vidljivo smanjenje o\u017eiljaka od akni, ostavljaju\u0107i ko\u017eu bez nedostataka. Suzbijanje Hiperkeratoze: Fitopiling su\u017eava pro\u0161irene pore i smanjuje hiperkeratozu, pru\u017eaju\u0107i besprekornu teksturu.<\/p>\n<\/p>\n<p>Dugotrajna Podmla\u0111enost: Aktivira sinetezu kolagena i elastina za dugotrajan efekat podmla\u0111ivanja ko\u017ee.<\/p>\n<\/p>\n<p>Ujedna\u010den Ten: Borba protiv dishromije i neujedna\u010denog tena, Fitopiling donosi ravnote\u017eu i sjaj.<\/p>\n<\/p>\n<p>Otkrijte tajnu besprijekorne ko\u017ee uz Fitopiling! Pozivamo vas da do\u017eivite revoluciju u njezi koja donosi vidljive rezultate. Zaka\u017eite besplatnu konsultaciju i rezervi\u0161ite svoj tretman ve\u0107 danas.<\/p>\n<\/p>\n<\/div>\n<\/div><\/div>\n<div id=\"cmsmasters_column_8ilynhjfl9\" class=\"cmsmasters_column one_first\">\n<div class=\"cmsmasters_column_inner\"><\/div><\/div>\n<\/div>\n<\/div>\n<\/div>\n<\/div>\n<\/div>\n","protected":false},"excerpt":{"rendered":"","protected":false},"author":1,"featured_media":0,"parent":0,"menu_order":0,"comment_status":"closed","ping_status":"closed","template":"","meta":{"footnotes":""},"_links":{"self":[{"href":"https:\/\/krasivabanjaluka.com\/index.php\/wp-json\/wp\/v2\/pages\/14005"}],"collection":[{"href":"https:\/\/krasivabanjaluka.com\/index.php\/wp-json\/wp\/v2\/pages"}],"about":[{"href":"https:\/\/krasivabanjaluka.com\/index.php\/wp-json\/wp\/v2\/types\/page"}],"author":[{"embeddable":true,"href":"https:\/\/krasivabanjaluka.com\/index.php\/wp-json\/wp\/v2\/users\/1"}],"replies":[{"embeddable":true,"href":"https:\/\/krasivabanjaluka.com\/index.php\/wp-json\/wp\/v2\/comments?post=14005"}],"version-history":[{"count":3,"href":"https:\/\/krasivabanjaluka.com\/index.php\/wp-json\/wp\/v2\/pages\/14005\/revisions"}],"predecessor-version":[{"id":14129,"href":"https:\/\/krasivabanjaluka.com\/index.php\/wp-json\/wp\/v2\/pages\/14005\/revisions\/14129"}],"wp:attachment":[{"href":"https:\/\/krasivabanjaluka.com\/index.php\/wp-json\/wp\/v2\/media?parent=14005"}],"curies":[{"name":"wp","href":"https:\/\/api.w.org\/{rel}","templated":true}]}}